{"id":4044,"date":"2024-11-28T22:53:01","date_gmt":"2024-11-28T22:53:01","guid":{"rendered":"https:\/\/www.renmed-in.de\/holistic-gynecology-consultation-07-12\/"},"modified":"2025-01-02T09:06:07","modified_gmt":"2025-01-02T09:06:07","slug":"holistic-gynecology-consultation-07-12","status":"publish","type":"page","link":"https:\/\/www.renmed-in.de\/en\/holistic-gynecology-consultation-07-12\/","title":{"rendered":"Holistic gynecology consultation"},"content":{"rendered":"\t\t<div data-elementor-type=\"wp-page\" data-elementor-id=\"4044\" class=\"elementor elementor-4044 elementor-4039\" data-elementor-post-type=\"page\">\n\t\t\t\t\t\t<section class=\"elementor-section elementor-top-section elementor-element elementor-element-353b13f elementor-section-height-min-height elementor-section-boxed elementor-section-height-default elementor-section-items-middle\" data-id=\"353b13f\" data-element_type=\"section\" data-settings=\"{&quot;background_background&quot;:&quot;classic&quot;}\">\n\t\t\t\t\t\t\t<div class=\"elementor-background-overlay\"><\/div>\n\t\t\t\t\t\t\t<div class=\"elementor-container elementor-column-gap-default\">\n\t\t\t\t\t<div class=\"elementor-column elementor-col-100 elementor-top-column elementor-element elementor-element-31a4e82\" data-id=\"31a4e82\" data-element_type=\"column\">\n\t\t\t<div class=\"elementor-widget-wrap elementor-element-populated\">\n\t\t\t\t\t\t\t<\/div>\n\t\t<\/div>\n\t\t\t\t\t<\/div>\n\t\t<\/section>\n\t\t<div class=\"elementor-element elementor-element-3fd5add e-flex e-con-boxed e-con e-parent\" data-id=\"3fd5add\" data-element_type=\"container\" data-settings=\"{&quot;background_background&quot;:&quot;gradient&quot;}\">\n\t\t\t\t\t<div class=\"e-con-inner\">\n\t\t<div class=\"elementor-element elementor-element-a5d7fb0 e-con-full e-flex e-con e-child\" data-id=\"a5d7fb0\" data-element_type=\"container\">\n\t\t\t\t<div class=\"elementor-element elementor-element-1b7c067 elementor-widget elementor-widget-text-editor\" data-id=\"1b7c067\" data-element_type=\"widget\" data-widget_type=\"text-editor.default\">\n\t\t\t\t<div class=\"elementor-widget-container\">\n\t\t\t<style>\/*! elementor - v3.23.0 - 05-08-2024 *\/\n.elementor-widget-text-editor.elementor-drop-cap-view-stacked .elementor-drop-cap{background-color:#69727d;color:#fff}.elementor-widget-text-editor.elementor-drop-cap-view-framed .elementor-drop-cap{color:#69727d;border:3px solid;background-color:transparent}.elementor-widget-text-editor:not(.elementor-drop-cap-view-default) .elementor-drop-cap{margin-top:8px}.elementor-widget-text-editor:not(.elementor-drop-cap-view-default) .elementor-drop-cap-letter{width:1em;height:1em}.elementor-widget-text-editor .elementor-drop-cap{float:left;text-align:center;line-height:1;font-size:50px}.elementor-widget-text-editor .elementor-drop-cap-letter{display:inline-block}<\/style>\t\t\t\t<p>We have great joy,&nbsp;We are delighted to welcome <strong>Ms. Katharina Reuter<\/strong> to our practice as a new team member. Ms. Reuter is a specialist in gynaecology and obstetrics with additional training in acupuncture and has been working in a gynaecological practice in Erlangen for many years. <\/p>\n<p><br><\/p>\n<p><\/p>\n<p>From January 2025 (always on Monday mornings), she will contribute her knowledge and experience in the holistic treatment of gynecological complaints to our practice.<\/p>\n<p>These include, for example:<\/p>\n<ul class=\"wp-block-list\">\n<li>Recurrent urinary tract infections&nbsp;<\/li>\n<li>Descensus, pelvic floor problems<\/li>\n<li>Stress incontinence&nbsp;<\/li>\n<li>Outflow<\/li>\n<li>Symptoms in the context of menstrual bleeding<\/li>\n<li>Endometriosis (also as an alternative to hormone treatment)<\/li>\n<li>PCOS<\/li>\n<li>Lichen<\/li>\n<li>Pregnancy complaints<\/li>\n<li>Birth preparation, turning<\/li>\n<li>Menopausal symptoms&nbsp;<\/li>\n<\/ul>\n<div><br><\/div>\n<p>Our new offer is aimed at all people who are looking for support with gynecological complaints or would like to actively prevent them.<\/p>\n<p><\/p>\n<p><strong>Appointments can be made immediately.<\/strong><\/p>\t\t\t\t\t\t<\/div>\n\t\t\t\t<\/div>\n\t\t\t\t<\/div>\n\t\t<div class=\"elementor-element elementor-element-488e470 e-con-full e-flex e-con e-child\" data-id=\"488e470\" data-element_type=\"container\" data-settings=\"{&quot;background_background&quot;:&quot;classic&quot;}\">\n\t\t\t\t<div class=\"elementor-element elementor-element-dc83d08 elementor-widget elementor-widget-image\" data-id=\"dc83d08\" data-element_type=\"widget\" data-widget_type=\"image.default\">\n\t\t\t\t<div class=\"elementor-widget-container\">\n\t\t\t<style>\/*! elementor - v3.23.0 - 05-08-2024 *\/\n.elementor-widget-image{text-align:center}.elementor-widget-image a{display:inline-block}.elementor-widget-image a img[src$=\".svg\"]{width:48px}.elementor-widget-image img{vertical-align:middle;display:inline-block}<\/style>\t\t\t\t\t\t\t\t\t\t<img fetchpriority=\"high\" decoding=\"async\" width=\"800\" height=\"1000\" src=\"https:\/\/www.renmed-in.de\/wp-content\/uploads\/2024\/11\/T0_01378-2-18-819x1024.jpg\" class=\"attachment-large size-large wp-image-4030\" alt=\"\u201cIch bin im sch\u00f6nen Regensburg auf die Welt gekommen und habe dort meine Gymnasialzeit erlebt und den Vorklinischen Teil meines Medizinstudiums abgeschlossen. Mit der Wahl meiner Leistungskurse Latein und Biologie habe ich schon fr\u00fch die ersten Weichen f\u00fcr mein Wunschstudium Humanmedizin gestellt. Nach dem Physikum zog es mich nach M\u00fcnchen, um an der Technischen Universit\u00e4t und im dazugeh\u00f6rigen Klinikum Rechts der Isar den klinischen Teil meines Studiums zu beenden. Die Ausbildung zur Fach\u00e4rztin f\u00fcr Gyn\u00e4kologie und Geburtshilfe habe ich im Klinikum Starnberg begonnen und dann in Augsburg im Josefinum beendet. Schon w\u00e4hrend meines Studiums habe ich mich mit Hom\u00f6opathie und nach dem Facharzt mit Naturheilverfahren besch\u00e4ftigt. Aber in der chinesischen Medizin habe ich dann endlich gefunden, was ich gesucht habe: die ganzheitliche Sicht auf die einzelne Patientin, die ich bestens mit meiner fach\u00e4rztlichen Expertise kombinieren kann. Die Akupunktur-Ausbildung und die Diagnostik absolvierte ich bei der Internationalen Gesellschaft f\u00fcr Chinesische Medizin e.V., Societas Medicinae Sinensis (SMS), in M\u00fcnchen. Im Laufe meines Ausbildungsweges und durch die eigenen Schwangerschaften und Geburten habe ich erfahren d\u00fcrfen, wie sehr eine individuelle und sensible Betrachtung der einzelnen Patientin und ihrer Situation zum Erfolg der Behandlung beitragen, da gerade diese besondere Zeit oft viele \u00c4ngste und Unsicherheiten mit sich bringt. Auch in der Praxis von Frau Dr. Ernst in Erlangen, in der ich seit 2013 angestellt bin, habe ich erfahren d\u00fcrfen wie sch\u00f6n es ist, Patientinnen in allen Lebensphasen von der Pubert\u00e4t bis ins hohe Alter zu betreuen. Meine Schwerpunkte sind Beschwerden in der Schwangerschaft, Wendung bei Beckenendlage (durch Erw\u00e4rmung von Akupunturpunkten), geburtsvorbereitende Akupunktur und im gyn\u00e4kologischen Bereich Ausflu\u00df und Zyklusst\u00f6rungen (pr\u00e4menstruelles Syndrom, Schmerzen und Unregelm\u00e4\u00dfigkeiten) und schlie\u00dflich Behandlung der Beschwerdebilder rund um die Wechseljahre. Ich pers\u00f6nlich sehe in der Zusammenarbeit mit Frau Dr. Dikdur und Herrn Luo eine hervorragende M\u00f6glichkeit, die individuellen Bed\u00fcrfnisse der Patientinnen in ihrer jeweiligen Lebensphase optimal zu ber\u00fccksichtigen, die im eng getakteten schulmedizinischen Alltag leider oft zu kurz kommen. Ich freue mich sehr, wenn ich auch Sie begleiten darf.\u201d\" srcset=\"https:\/\/www.renmed-in.de\/wp-content\/uploads\/2024\/11\/T0_01378-2-18-819x1024.jpg 819w, https:\/\/www.renmed-in.de\/wp-content\/uploads\/2024\/11\/T0_01378-2-18-240x300.jpg 240w, https:\/\/www.renmed-in.de\/wp-content\/uploads\/2024\/11\/T0_01378-2-18-768x960.jpg 768w, https:\/\/www.renmed-in.de\/wp-content\/uploads\/2024\/11\/T0_01378-2-18-1229x1536.jpg 1229w, https:\/\/www.renmed-in.de\/wp-content\/uploads\/2024\/11\/T0_01378-2-18-1638x2048.jpg 1638w, https:\/\/www.renmed-in.de\/wp-content\/uploads\/2024\/11\/T0_01378-2-18-scaled.jpg 2048w\" sizes=\"(max-width: 800px) 100vw, 800px\" \/>\t\t\t\t\t\t\t\t\t\t\t\t\t<\/div>\n\t\t\t\t<\/div>\n\t\t\t\t<div class=\"elementor-element elementor-element-d1dd1a9 elementor-mobile-align-center elementor-align-left animated-fast elementor-invisible elementor-widget elementor-widget-button\" data-id=\"d1dd1a9\" data-element_type=\"widget\" data-settings=\"{&quot;_animation&quot;:&quot;fadeInUp&quot;,&quot;_animation_delay&quot;:1000}\" data-widget_type=\"button.default\">\n\t\t\t\t<div class=\"elementor-widget-container\">\n\t\t\t\t\t<div class=\"elementor-button-wrapper\">\n\t\t\t<a class=\"elementor-button elementor-button-link elementor-size-lg\" href=\"https:\/\/www.renmed-in.de\/en\/contact-us\/\">\n\t\t\t\t\t\t<span class=\"elementor-button-content-wrapper\">\n\t\t\t\t\t\t\t\t\t<span class=\"elementor-button-text\">Register for a consultation<\/span>\n\t\t\t\t\t<\/span>\n\t\t\t\t\t<\/a>\n\t\t<\/div>\n\t\t\t\t<\/div>\n\t\t\t\t<\/div>\n\t\t\t\t<\/div>\n\t\t\t\t\t<\/div>\n\t\t\t\t<\/div>\n\t\t\t\t<\/div>\n\t\t","protected":false},"excerpt":{"rendered":"<p>We have great joy,&nbsp;We are delighted to welcome Ms. Katharina Reuter to our practice as a new team member. Ms. Reuter is a specialist in gynaecology and obstetrics with additional training in acupuncture and has been working in a gynaecological practice in Erlangen for many years. From January 2025 (always on Monday mornings), she will [&hellip;]<\/p>\n","protected":false},"author":1,"featured_media":3514,"parent":0,"menu_order":0,"comment_status":"closed","ping_status":"closed","template":"","meta":{"footnotes":""},"class_list":["post-4044","page","type-page","status-publish","has-post-thumbnail","hentry"],"_links":{"self":[{"href":"https:\/\/www.renmed-in.de\/en\/wp-json\/wp\/v2\/pages\/4044","targetHints":{"allow":["GET"]}}],"collection":[{"href":"https:\/\/www.renmed-in.de\/en\/wp-json\/wp\/v2\/pages"}],"about":[{"href":"https:\/\/www.renmed-in.de\/en\/wp-json\/wp\/v2\/types\/page"}],"author":[{"embeddable":true,"href":"https:\/\/www.renmed-in.de\/en\/wp-json\/wp\/v2\/users\/1"}],"replies":[{"embeddable":true,"href":"https:\/\/www.renmed-in.de\/en\/wp-json\/wp\/v2\/comments?post=4044"}],"version-history":[{"count":9,"href":"https:\/\/www.renmed-in.de\/en\/wp-json\/wp\/v2\/pages\/4044\/revisions"}],"predecessor-version":[{"id":4105,"href":"https:\/\/www.renmed-in.de\/en\/wp-json\/wp\/v2\/pages\/4044\/revisions\/4105"}],"wp:featuredmedia":[{"embeddable":true,"href":"https:\/\/www.renmed-in.de\/en\/wp-json\/wp\/v2\/media\/3514"}],"wp:attachment":[{"href":"https:\/\/www.renmed-in.de\/en\/wp-json\/wp\/v2\/media?parent=4044"}],"curies":[{"name":"wp","href":"https:\/\/api.w.org\/{rel}","templated":true}]}}